{"id":186,"date":"2026-01-20T13:33:53","date_gmt":"2026-01-20T12:33:53","guid":{"rendered":"https:\/\/imst-art.webs.upv.es\/?page_id=186"},"modified":"2026-01-21T12:57:50","modified_gmt":"2026-01-21T11:57:50","slug":"related-papers","status":"publish","type":"page","link":"https:\/\/imst-art.webs.upv.es\/index.php\/related-papers\/","title":{"rendered":"Related Papers"},"content":{"rendered":"\n<p><\/p>\n\n\n\n<table id=\"tablepress-1\" class=\"tablepress tablepress-id-1\">\n<thead>\n<tr class=\"row-1\">\n\t<th class=\"column-1\">Title<\/th><th class=\"column-2\">Year<\/th>\n<\/tr>\n<\/thead>\n<tbody class=\"row-striping row-hover\">\n<tr class=\"row-2\">\n\t<td class=\"column-1\"><a href='\/wp-content\/uploads\/papers\/paper03.pdf' target='_blank' rel='noopener'>Impact of Dehumidification Modelling on the Performance Prediction for Minichannel Evaporators<\/a><\/td><td class=\"column-2\">2014<\/td>\n<\/tr>\n<tr class=\"row-3\">\n\t<td class=\"column-1\"><a href='\/wp-content\/uploads\/papers\/paper04.pdf' target='_blank' rel='noopener'>A Discussion about the Methodology to Validate the Correlations of Heat Transfer Coefficients and Pressure Drop during the Condensation in a finned-tube Heat Exchanger<\/a><\/td><td class=\"column-2\">2014<\/td>\n<\/tr>\n<tr class=\"row-4\">\n\t<td class=\"column-1\"><a href='\/wp-content\/uploads\/papers\/paper05.pdf' target='_blank' rel='noopener'>Metodolog\u00eda para la Validaci\u00f3n de Correlaciones de los Coeficientes de Intercambio de Calor en Condensadores de Tubos aleteados<\/a><\/td><td class=\"column-2\">2014<\/td>\n<\/tr>\n<tr class=\"row-5\">\n\t<td class=\"column-1\"><a href='\/wp-content\/uploads\/papers\/paper06.pdf' target='_blank' rel='noopener'>Air-side Performance of a Minichannel Evaporator under Different Dehumidifying Scenarios<\/a><\/td><td class=\"column-2\">2014<\/td>\n<\/tr>\n<tr class=\"row-6\">\n\t<td class=\"column-1\"><a href='\/wp-content\/uploads\/papers\/paper16.pdf' target='_blank' rel='noopener'>Effect of Control Optimization of CO2 Transcritical Split Air Conditioner on Thermal Comfort of Occupants in Single Zone Room<\/a><\/td><td class=\"column-2\">2014<\/td>\n<\/tr>\n<tr class=\"row-7\">\n\t<td class=\"column-1\"><a href='\/wp-content\/uploads\/papers\/paper13.pdf' target='_blank' rel='noopener'>Numerical model for microchannel condensers and gas coolers: Part I \u2013 Model description and validation<\/a><\/td><td class=\"column-2\">2013<\/td>\n<\/tr>\n<tr class=\"row-8\">\n\t<td class=\"column-1\"><a href='\/wp-content\/uploads\/papers\/paper14.pdf' target='_blank' rel='noopener'>Numerical model for microchannel condensers and gas coolers: Part II \u2013 Simulation studies and model comparison<\/a><\/td><td class=\"column-2\">2013<\/td>\n<\/tr>\n<tr class=\"row-9\">\n\t<td class=\"column-1\"><a href='\/wp-content\/uploads\/papers\/paper01.pdf' target='_blank' rel='noopener'>Nummerical Assesment of Influence of Refrigerator Charge in a Light Commercial Freezer<\/a><\/td><td class=\"column-2\">2012<\/td>\n<\/tr>\n<tr class=\"row-10\">\n\t<td class=\"column-1\"><a href='\/wp-content\/uploads\/papers\/paper02.pdf' target='_blank' rel='noopener'>Effect of some Design Parameters and Refrigerant Fluid on the Performance of a Light Commercial Freezer<\/a><\/td><td class=\"column-2\">2012<\/td>\n<\/tr>\n<tr class=\"row-11\">\n\t<td class=\"column-1\"><a href='\/wp-content\/uploads\/papers\/paper07.pdf' target='_blank' rel='noopener'>Numerical Assesment of Efficiency Improvement by Implementation of a Control Technique in Transcritical CO2 Air Conditioning Systems<\/a><\/td><td class=\"column-2\">2012<\/td>\n<\/tr>\n<tr class=\"row-12\">\n\t<td class=\"column-1\"><a href='\/wp-content\/uploads\/papers\/paper08.pdf' target='_blank' rel='noopener'>An\u00e1lisis de Distintas T\u00e9cnicas de Control para Operar con la Presi\u00f3n de Descarga \u00d3ptima en Ciclos Transcr\u00edticos de CO2<\/a><\/td><td class=\"column-2\">2012<\/td>\n<\/tr>\n<tr class=\"row-13\">\n\t<td class=\"column-1\"><a href='\/wp-content\/uploads\/papers\/paper09.pdf' target='_blank' rel='noopener'>Dynamic Model of a Household Refrigerator based on a Quasy-Steady Approach<\/a><\/td><td class=\"column-2\">2012<\/td>\n<\/tr>\n<tr class=\"row-14\">\n\t<td class=\"column-1\"><a href='\/wp-content\/uploads\/papers\/paper10.pdf' target='_blank' rel='noopener'>Impact of Fin Cuts and Refrigerant Layout on the Performance of a Microchannel Gas Cooler working with Transcritical CO2<\/a><\/td><td class=\"column-2\">2012<\/td>\n<\/tr>\n<tr class=\"row-15\">\n\t<td class=\"column-1\"><a href='\/wp-content\/uploads\/papers\/paper11.pdf' target='_blank' rel='noopener'>Dynamic Performance Simulation of a Household Refrigerator with a Quasy-Steady Approach<\/a><\/td><td class=\"column-2\">2012<\/td>\n<\/tr>\n<tr class=\"row-16\">\n\t<td class=\"column-1\"><a href='\/wp-content\/uploads\/papers\/paper12.pdf' target='_blank' rel='noopener'>Impact of the Refrigerant layout and Fin Cuts on the Performance of a Microchannel Condenser and a Gas Cooler<\/a><\/td><td class=\"column-2\">2012<\/td>\n<\/tr>\n<tr class=\"row-17\">\n\t<td class=\"column-1\"><a href='\/wp-content\/uploads\/papers\/paper15.pdf' target='_blank' rel='noopener'>A Novel Approach to Model the Air-Side Heat Transfer in Microchannel Condensers<\/a><\/td><td class=\"column-2\">2012<\/td>\n<\/tr>\n<tr class=\"row-18\">\n\t<td class=\"column-1\"><a href='\/wp-content\/uploads\/papers\/paper17.pdf' target='_blank' rel='noopener'>Impact of classical assumptions in modelling a microchannel gas cooler<\/a><\/td><td class=\"column-2\">2011<\/td>\n<\/tr>\n<tr class=\"row-19\">\n\t<td class=\"column-1\"><a href='\/wp-content\/uploads\/papers\/paper18.pdf' target='_blank' rel='noopener'>Numerical model for a microchannel gas cooler with any refrigerant circuitry<\/a><\/td><td class=\"column-2\">2011<\/td>\n<\/tr>\n<tr class=\"row-20\">\n\t<td class=\"column-1\"><a href='\/wp-content\/uploads\/papers\/paper19.pdf' target='_blank' rel='noopener'>Control optimization of transcritical CO2 air conditioning systems operating in subtropical climate<\/a><\/td><td class=\"column-2\">2011<\/td>\n<\/tr>\n<tr class=\"row-21\">\n\t<td class=\"column-1\"><a href='\/wp-content\/uploads\/papers\/paper20.pdf' target='_blank' rel='noopener'>Optimum performance of external intercooling two stage cycles with real compressor curves<\/a><\/td><td class=\"column-2\">2011<\/td>\n<\/tr>\n<tr class=\"row-22\">\n\t<td class=\"column-1\"><a href='\/wp-content\/uploads\/papers\/paper21.pdf' target='_blank' rel='noopener'>Influencia de la circuiter\u00eda y cortes en las aletas de un enfriador gas de microcanales<\/a><\/td><td class=\"column-2\">2011<\/td>\n<\/tr>\n<tr class=\"row-23\">\n\t<td class=\"column-1\"><a href='\/wp-content\/uploads\/papers\/paper26.pdf' target='_blank' rel='noopener'>Comparison of different refrigerant circuit layouts for two condensers with air and water as heat sinks<\/a><\/td><td class=\"column-2\">2010<\/td>\n<\/tr>\n<tr class=\"row-24\">\n\t<td class=\"column-1\"><a href='\/wp-content\/uploads\/papers\/paper25.pdf' target='_blank' rel='noopener'>Analysis of segment-by-segment \u0190-NTU modelling of a minichannel CO2 gas cooler<\/a><\/td><td class=\"column-2\">2010<\/td>\n<\/tr>\n<tr class=\"row-25\">\n\t<td class=\"column-1\"><a href='\/wp-content\/uploads\/papers\/paper27.pdf' target='_blank' rel='noopener'>Estudio num\u00e9rico sobre la influencia de la circuiter\u00eda del refrigerante de un intercambiador de tubos y aletas usando \u201cIMST-ART\u201d<\/a><\/td><td class=\"column-2\">2009<\/td>\n<\/tr>\n<tr class=\"row-26\">\n\t<td class=\"column-1\"><a href='\/wp-content\/uploads\/papers\/paper28.pdf' target='_blank' rel='noopener'>Influence of the source and sink temperatures on the optimal refrigerant charge of a water-to-water heat pump<\/a><\/td><td class=\"column-2\">2009<\/td>\n<\/tr>\n<tr class=\"row-27\">\n\t<td class=\"column-1\"><a href='\/wp-content\/uploads\/papers\/paper22.pdf' target='_blank' rel='noopener'>Assessment of boiling heat transfer correlations in the modelling of fin and tube heat exchangers<\/a><\/td><td class=\"column-2\">2007<\/td>\n<\/tr>\n<tr class=\"row-28\">\n\t<td class=\"column-1\"><a href='\/wp-content\/uploads\/papers\/paper23.pdf' target='_blank' rel='noopener'>Assessment of boiling and condensation heat transfer correlations in the modelling of plate heat exchangers<\/a><\/td><td class=\"column-2\">2007<\/td>\n<\/tr>\n<tr class=\"row-29\">\n\t<td class=\"column-1\"><a href='\/wp-content\/uploads\/papers\/paper24.pdf' target='_blank' rel='noopener'>Assessment of condensation heat transfer correlations in the modelling of fin and tube heat exchangers<\/a><\/td><td class=\"column-2\">2007<\/td>\n<\/tr>\n<tr class=\"row-30\">\n\t<td class=\"column-1\"><a href='\/wp-content\/uploads\/papers\/paper29.pdf' target='_blank' rel='noopener'>Calculation of refrigerant properties by linear interpolation of bidimensional meshes<\/a><\/td><td class=\"column-2\">2005<\/td>\n<\/tr>\n<tr class=\"row-31\">\n\t<td class=\"column-1\"><a href='\/wp-content\/uploads\/papers\/paper30.pdf' target='_blank' rel='noopener'>Optimized design of a heat exchanger for an air-to-water reversible heat pump working with propane (R290) as refrigerant: Modelling analysis and experimental observations<\/a><\/td><td class=\"column-2\">2005<\/td>\n<\/tr>\n<tr class=\"row-32\">\n\t<td class=\"column-1\"><a href='\/wp-content\/uploads\/papers\/paper31.pdf' target='_blank' rel='noopener'>Study about the flashing process through a metering expansion valve<\/a><\/td><td class=\"column-2\">2005<\/td>\n<\/tr>\n<tr class=\"row-33\">\n\t<td class=\"column-1\"><a href='\/wp-content\/uploads\/papers\/paper32.pdf' target='_blank' rel='noopener'>Numerical calculation of mass flow rate in capillary tubes using \u2018ART\u2019<\/a><\/td><td class=\"column-2\">2004<\/td>\n<\/tr>\n<tr class=\"row-34\">\n\t<td class=\"column-1\"><a href='\/wp-content\/uploads\/papers\/paper33.pdf' target='_blank' rel='noopener'>Modelo de c\u00e1lculo de ciclos de compresi\u00f3n de valor simple,\u2019ART\u2019<\/a><\/td><td class=\"column-2\">2003<\/td>\n<\/tr>\n<tr class=\"row-35\">\n\t<td class=\"column-1\"><a href='\/wp-content\/uploads\/papers\/paper34.pdf' target='_blank' rel='noopener'>\u2018ART\u2019 a computer code to assist the design of refrigeration and a\/c equipment<\/a><\/td><td class=\"column-2\">2002<\/td>\n<\/tr>\n<tr class=\"row-36\">\n\t<td class=\"column-1\"><a href='\/wp-content\/uploads\/papers\/paper36.pdf' target='_blank' rel='noopener'>Semi-Explicit Method for wall temperature linked equations(SEWTLE)<\/a><\/td><td class=\"column-2\">2001<\/td>\n<\/tr>\n<tr class=\"row-37\">\n\t<td class=\"column-1\"><a href='\/wp-content\/uploads\/papers\/paper35.pdf' target='_blank' rel='noopener'>Modelado de sistemas de refrigeraci\u00f3n por compresi\u00f3n de vapor<\/a><\/td><td class=\"column-2\">2000<\/td>\n<\/tr>\n<tr class=\"row-38\">\n\t<td class=\"column-1\"><a href='\/wp-content\/uploads\/papers\/paper37.pdf' target='_blank' rel='noopener'>Modelling of compact evaporators and condensers<\/a><\/td><td class=\"column-2\">2000<\/td>\n<\/tr>\n<tr class=\"row-39\">\n\t<td class=\"column-1\"><a href='\/wp-content\/uploads\/papers\/paper38.pdf' target='_blank' rel='noopener'>Modelling of tube and fin coils working as evaporator or condenser<\/a><\/td><td class=\"column-2\">2000<\/td>\n<\/tr>\n<tr class=\"row-40\">\n\t<td class=\"column-1\"><a href='\/wp-content\/uploads\/papers\/paper39.pdf' target='_blank' rel='noopener'>Simulation of an air-to-water reversible heat pump<\/a><\/td><td class=\"column-2\">2000<\/td>\n<\/tr>\n<tr class=\"row-41\">\n\t<td class=\"column-1\"><a href='https:\/\/riunet.upv.es\/handle\/10251\/121065' target='_blank' rel='noopener'>Study of different subcooling control strategies in order to enhance the performance of a heat pump<\/a><\/td><td class=\"column-2\">2018<\/td>\n<\/tr>\n<tr class=\"row-42\">\n\t<td class=\"column-1\"><a href='https:\/\/riunet.upv.es\/handle\/10251\/209358' target='_blank' rel='noopener'>Experimental and numerical investigation of a novel high-temperature heat pump for sensible and latent heat delivery<\/a><\/td><td class=\"column-2\">2024<\/td>\n<\/tr>\n<tr class=\"row-43\">\n\t<td class=\"column-1\"><a href='https:\/\/riunet.upv.es\/handle\/10251\/209350' target='_blank' rel='noopener'>A novel methodology for map-based model fitting: A case study with a Dual Source Heat Pump experimental dataset<\/a><\/td><td class=\"column-2\">2024<\/td>\n<\/tr>\n<tr class=\"row-44\">\n\t<td class=\"column-1\"><a href='https:\/\/riunet.upv.es\/handle\/10251\/103232' target='_blank' rel='noopener'>Evaluation of different heat pump systems for sanitary hot water production using natural refrigerants<\/a><\/td><td class=\"column-2\">2017<\/td>\n<\/tr>\n<tr class=\"row-45\">\n\t<td class=\"column-1\"><a href='https:\/\/riunet.upv.es\/handle\/10251\/140907' target='_blank' rel='noopener'>Exergy analysis on a heat pump working between a heat sink and a heat source of finite heat capacity rate<\/a><\/td><td class=\"column-2\">2019<\/td>\n<\/tr>\n<tr class=\"row-46\">\n\t<td class=\"column-1\"><a href='https:\/\/riunet.upv.es\/handle\/10251\/205495' target='_blank' rel='noopener'>A novel methodology to assist manufacturers in the heat exchanger sizing for variable-speed heat pumps based on part load conditions and economic assessment<\/a><\/td><td class=\"column-2\">2023<\/td>\n<\/tr>\n<tr class=\"row-47\">\n\t<td class=\"column-1\"><a href='https:\/\/riunet.upv.es\/handle\/10251\/183610' target='_blank' rel='noopener'>Evaluation of the potential energy savings of a centralized booster heat pump in front of conventional alternatives<\/a><\/td><td class=\"column-2\">2021<\/td>\n<\/tr>\n<tr class=\"row-48\">\n\t<td class=\"column-1\"><a href='https:\/\/riunet.upv.es\/handle\/10251\/181351' target='_blank' rel='noopener'>Refrigerant maldistribution in brazed plate heat exchanger evaporators. Part B: Analysis of the influence of maldistribution on the evaporator performance<\/a><\/td><td class=\"column-2\">2021<\/td>\n<\/tr>\n<tr class=\"row-49\">\n\t<td class=\"column-1\"><a href='https:\/\/riunet.upv.es\/handle\/10251\/193724' target='_blank' rel='noopener'>A high-temperature heat pump for compressed heat energy storage applications: Design, modeling, and performance<\/a><\/td><td class=\"column-2\">2022<\/td>\n<\/tr>\n<tr class=\"row-50\">\n\t<td class=\"column-1\"><a href='https:\/\/riunet.upv.es\/handle\/10251\/119633' target='_blank' rel='noopener'>Dual source heat pump, a high efficiency and cost-effective alternative for heating, cooling and DHW production<\/a><\/td><td class=\"column-2\">2018<\/td>\n<\/tr>\n<\/tbody>\n<\/table>\n<!-- #tablepress-1 from cache -->\n\n\n\n<p><\/p>\n","protected":false},"excerpt":{"rendered":"","protected":false},"author":1,"featured_media":0,"parent":0,"menu_order":0,"comment_status":"closed","ping_status":"closed","template":"","meta":{"footnotes":""},"class_list":["post-186","page","type-page","status-publish","hentry"],"_links":{"self":[{"href":"https:\/\/imst-art.webs.upv.es\/index.php\/wp-json\/wp\/v2\/pages\/186","targetHints":{"allow":["GET"]}}],"collection":[{"href":"https:\/\/imst-art.webs.upv.es\/index.php\/wp-json\/wp\/v2\/pages"}],"about":[{"href":"https:\/\/imst-art.webs.upv.es\/index.php\/wp-json\/wp\/v2\/types\/page"}],"author":[{"embeddable":true,"href":"https:\/\/imst-art.webs.upv.es\/index.php\/wp-json\/wp\/v2\/users\/1"}],"replies":[{"embeddable":true,"href":"https:\/\/imst-art.webs.upv.es\/index.php\/wp-json\/wp\/v2\/comments?post=186"}],"version-history":[{"count":4,"href":"https:\/\/imst-art.webs.upv.es\/index.php\/wp-json\/wp\/v2\/pages\/186\/revisions"}],"predecessor-version":[{"id":196,"href":"https:\/\/imst-art.webs.upv.es\/index.php\/wp-json\/wp\/v2\/pages\/186\/revisions\/196"}],"wp:attachment":[{"href":"https:\/\/imst-art.webs.upv.es\/index.php\/wp-json\/wp\/v2\/media?parent=186"}],"curies":[{"name":"wp","href":"https:\/\/api.w.org\/{rel}","templated":true}]}}